{"id":375,"date":"2026-03-28T18:58:30","date_gmt":"2026-03-28T17:58:30","guid":{"rendered":"https:\/\/yellowbearrecords.com\/legal-notice\/"},"modified":"2025-11-28T21:51:01","modified_gmt":"2025-11-28T20:51:01","slug":"legal-notice","status":"publish","type":"page","link":"https:\/\/yellowbearrecords.com\/en\/legal-notice\/","title":{"rendered":"Legal Notice"},"content":{"rendered":"\n<p class=\"has-text-align-left\"><strong>Yellow Bear Records GmbH<\/strong><br>Gro\u00df-Nabas-Str. 9<br>81827 Munich<br>Germany<\/p>\n\n\n\n<p>Phone: +49 (0)89 12126142<br>Email: info@yellowbearrecords.com<\/p>\n\n\n\n<p>Registered at: Local Court of Munich<br>Registration Number: HRB 302397<\/p>\n\n\n\n<p>Managing Director: Bj\u00f6rn Weiler-Huang<\/p>\n\n\n\n<p>VAT Identification Number: DE455071373<\/p>\n\n\n\n<p>Business Identification Number: DE455071373-00001<\/p>\n\n\n\n<p>Person responsible according to \u00a7 18 (2) MStV:<br>Bj\u00f6rn Weiler-Huang, Gro\u00df-Nabas-Stra\u00dfe 9, 81827 Munich<\/p>\n\n\n\n<p class=\"has-text-align-left\">We are neither obligated nor willing to participate in dispute resolution proceedings before a consumer arbitration board.<\/p>\n","protected":false},"excerpt":{"rendered":"<p>Yellow Bear Records GmbHGro\u00df-Nabas-Str. 981827 MunichGermany Phone: +49 (0)89 12126142Email: info@yellowbearrecords.com Registered at: Local Court of MunichRegistration Number: HRB 302397 Managing Director: Bj\u00f6rn Weiler-Huang VAT Identification Number: DE455071373 Business Identification Number: DE455071373-00001 Person responsible according to \u00a7 18 (2) MStV:Bj\u00f6rn Weiler-Huang, Gro\u00df-Nabas-Stra\u00dfe 9, 81827 Munich We are neither obligated nor willing to participate in dispute [&hellip;]<\/p>\n","protected":false},"author":1,"featured_media":0,"parent":0,"menu_order":0,"comment_status":"closed","ping_status":"closed","template":"page-with-title","meta":{"footnotes":""},"class_list":["post-375","page","type-page","status-publish","hentry"],"jetpack_sharing_enabled":true,"_links":{"self":[{"href":"https:\/\/yellowbearrecords.com\/en\/wp-json\/wp\/v2\/pages\/375","targetHints":{"allow":["GET"]}}],"collection":[{"href":"https:\/\/yellowbearrecords.com\/en\/wp-json\/wp\/v2\/pages"}],"about":[{"href":"https:\/\/yellowbearrecords.com\/en\/wp-json\/wp\/v2\/types\/page"}],"author":[{"embeddable":true,"href":"https:\/\/yellowbearrecords.com\/en\/wp-json\/wp\/v2\/users\/1"}],"replies":[{"embeddable":true,"href":"https:\/\/yellowbearrecords.com\/en\/wp-json\/wp\/v2\/comments?post=375"}],"version-history":[{"count":5,"href":"https:\/\/yellowbearrecords.com\/en\/wp-json\/wp\/v2\/pages\/375\/revisions"}],"predecessor-version":[{"id":411,"href":"https:\/\/yellowbearrecords.com\/en\/wp-json\/wp\/v2\/pages\/375\/revisions\/411"}],"wp:attachment":[{"href":"https:\/\/yellowbearrecords.com\/en\/wp-json\/wp\/v2\/media?parent=375"}],"curies":[{"name":"wp","href":"https:\/\/api.w.org\/{rel}","templated":true}]}}